{"id":278,"date":"2022-07-01T12:00:44","date_gmt":"2022-07-01T12:00:44","guid":{"rendered":"http:\/\/salumificiotarasconi.it\/?post_type=product&#038;p=278"},"modified":"2023-01-30T11:09:12","modified_gmt":"2023-01-30T11:09:12","slug":"prosciutto-parma-classico-con-osso-stagionatura-da-16-a-18-mesi","status":"publish","type":"product","link":"https:\/\/salumificiotarasconi.it\/en\/prodotto\/prosciutto-parma-classico-con-osso-stagionatura-da-16-a-18-mesi\/","title":{"rendered":"PROSCIUTTO PARMA CLASSICO CON OSSO Da 16 a 18 mesi"},"content":{"rendered":"","protected":false},"excerpt":{"rendered":"<p>Prodotto certificato di filiera ottenuto dalla selezione di cosce suine italiane sotto la stretta sorveglianza del Consorzio di Parma: solo le cosce idonee per qualit\u00e0 vengono marchiate con la Corona Ducale. L&#8217;unico ingrediente \u00e8 il sale: senza coloranti, n\u00e8 conservanti, n\u00e8 additivi.<\/p>\n<p>Peso da 10 a 10,5 Kg<\/p>\n","protected":false},"featured_media":270,"comment_status":"open","ping_status":"closed","template":"","meta":[],"product_cat":[20],"product_tag":[],"translation":{"provider":"WPGlobus","version":"2.8.11","language":"en","enabled_languages":["it","en","fr"],"languages":{"it":{"title":true,"content":false,"excerpt":true},"en":{"title":false,"content":false,"excerpt":false},"fr":{"title":false,"content":false,"excerpt":false}}},"_links":{"self":[{"href":"https:\/\/salumificiotarasconi.it\/en\/wp-json\/wp\/v2\/product\/278"}],"collection":[{"href":"https:\/\/salumificiotarasconi.it\/en\/wp-json\/wp\/v2\/product"}],"about":[{"href":"https:\/\/salumificiotarasconi.it\/en\/wp-json\/wp\/v2\/types\/product"}],"replies":[{"embeddable":true,"href":"https:\/\/salumificiotarasconi.it\/en\/wp-json\/wp\/v2\/comments?post=278"}],"wp:featuredmedia":[{"embeddable":true,"href":"https:\/\/salumificiotarasconi.it\/en\/wp-json\/wp\/v2\/media\/270"}],"wp:attachment":[{"href":"https:\/\/salumificiotarasconi.it\/en\/wp-json\/wp\/v2\/media?parent=278"}],"wp:term":[{"taxonomy":"product_cat","embeddable":true,"href":"https:\/\/salumificiotarasconi.it\/en\/wp-json\/wp\/v2\/product_cat?post=278"},{"taxonomy":"product_tag","embeddable":true,"href":"https:\/\/salumificiotarasconi.it\/en\/wp-json\/wp\/v2\/product_tag?post=278"}],"curies":[{"name":"wp","href":"https:\/\/api.w.org\/{rel}","templated":true}]}}