{"id":298,"date":"2022-07-01T11:50:50","date_gmt":"2022-07-01T11:50:50","guid":{"rendered":"http:\/\/salumificiotarasconi.it\/?post_type=product&#038;p=298"},"modified":"2022-11-18T08:25:08","modified_gmt":"2022-11-18T08:25:08","slug":"prosciutto-parma-disossato-pressato-da-16-a-18-mesi","status":"publish","type":"product","link":"https:\/\/salumificiotarasconi.it\/en\/prodotto\/prosciutto-parma-disossato-pressato-da-16-a-18-mesi\/","title":{"rendered":"PROSCIUTTO PARMA DISOSSATO Pressato Da 16 a 18 mesi"},"content":{"rendered":"","protected":false},"excerpt":{"rendered":"<p>Prodotto certificato di filiera ottenuto dalla selezione di cosce suine italiane sotto la stretta sorveglianza del Consorzio di Parma: solo le cosce idonee per qualit\u00e0 vengono marchiate con la Corona Ducale. L\u2019unico ingrediente \u00e8 il sale: senza coloranti, n\u00e8 conservanti, n\u00e8 additivi.<\/p>\n<p>Peso da 8 a 8,5 Kg<\/p>\n","protected":false},"featured_media":274,"comment_status":"open","ping_status":"closed","template":"","meta":[],"product_cat":[20],"product_tag":[],"translation":{"provider":"WPGlobus","version":"2.8.11","language":"en","enabled_languages":["it","en","fr"],"languages":{"it":{"title":true,"content":false,"excerpt":true},"en":{"title":false,"content":false,"excerpt":false},"fr":{"title":false,"content":false,"excerpt":false}}},"_links":{"self":[{"href":"https:\/\/salumificiotarasconi.it\/en\/wp-json\/wp\/v2\/product\/298"}],"collection":[{"href":"https:\/\/salumificiotarasconi.it\/en\/wp-json\/wp\/v2\/product"}],"about":[{"href":"https:\/\/salumificiotarasconi.it\/en\/wp-json\/wp\/v2\/types\/product"}],"replies":[{"embeddable":true,"href":"https:\/\/salumificiotarasconi.it\/en\/wp-json\/wp\/v2\/comments?post=298"}],"wp:featuredmedia":[{"embeddable":true,"href":"https:\/\/salumificiotarasconi.it\/en\/wp-json\/wp\/v2\/media\/274"}],"wp:attachment":[{"href":"https:\/\/salumificiotarasconi.it\/en\/wp-json\/wp\/v2\/media?parent=298"}],"wp:term":[{"taxonomy":"product_cat","embeddable":true,"href":"https:\/\/salumificiotarasconi.it\/en\/wp-json\/wp\/v2\/product_cat?post=298"},{"taxonomy":"product_tag","embeddable":true,"href":"https:\/\/salumificiotarasconi.it\/en\/wp-json\/wp\/v2\/product_tag?post=298"}],"curies":[{"name":"wp","href":"https:\/\/api.w.org\/{rel}","templated":true}]}}