{"id":295,"date":"2022-07-01T11:55:02","date_gmt":"2022-07-01T11:55:02","guid":{"rendered":"http:\/\/salumificiotarasconi.it\/?post_type=product&#038;p=295"},"modified":"2022-11-11T12:35:00","modified_gmt":"2022-11-11T12:35:00","slug":"prosciutto-parma-disossato-addobbo-da-16-a-18-mesi","status":"publish","type":"product","link":"https:\/\/salumificiotarasconi.it\/fr\/prodotto\/prosciutto-parma-disossato-addobbo-da-16-a-18-mesi\/","title":{"rendered":"PROSCIUTTO PARMA DISOSSATO Addobbo Da 16 a 18 mesi"},"content":{"rendered":"","protected":false},"excerpt":{"rendered":"<p>Prodotto certificato di filiera ottenuto dalla selezione di cosce suine italiane sotto la stretta sorveglianza del Consorzio di Parma: solo le cosce idonee per qualit\u00e0 vengono marchiate con la Corona Ducale. L\u2019unico ingrediente \u00e8 il sale: senza coloranti, n\u00e8 conservanti, n\u00e8 additivi.<\/p>\n<p>Peso da 8 a 8,5 Kg<\/p>\n","protected":false},"featured_media":273,"comment_status":"open","ping_status":"closed","template":"","meta":[],"product_cat":[20],"product_tag":[],"translation":{"provider":"WPGlobus","version":"2.8.11","language":"fr","enabled_languages":["it","en","fr"],"languages":{"it":{"title":true,"content":false,"excerpt":true},"en":{"title":false,"content":false,"excerpt":false},"fr":{"title":false,"content":false,"excerpt":false}}},"_links":{"self":[{"href":"https:\/\/salumificiotarasconi.it\/fr\/wp-json\/wp\/v2\/product\/295"}],"collection":[{"href":"https:\/\/salumificiotarasconi.it\/fr\/wp-json\/wp\/v2\/product"}],"about":[{"href":"https:\/\/salumificiotarasconi.it\/fr\/wp-json\/wp\/v2\/types\/product"}],"replies":[{"embeddable":true,"href":"https:\/\/salumificiotarasconi.it\/fr\/wp-json\/wp\/v2\/comments?post=295"}],"wp:featuredmedia":[{"embeddable":true,"href":"https:\/\/salumificiotarasconi.it\/fr\/wp-json\/wp\/v2\/media\/273"}],"wp:attachment":[{"href":"https:\/\/salumificiotarasconi.it\/fr\/wp-json\/wp\/v2\/media?parent=295"}],"wp:term":[{"taxonomy":"product_cat","embeddable":true,"href":"https:\/\/salumificiotarasconi.it\/fr\/wp-json\/wp\/v2\/product_cat?post=295"},{"taxonomy":"product_tag","embeddable":true,"href":"https:\/\/salumificiotarasconi.it\/fr\/wp-json\/wp\/v2\/product_tag?post=295"}],"curies":[{"name":"wp","href":"https:\/\/api.w.org\/{rel}","templated":true}]}}