{"id":301,"date":"2022-07-01T11:45:54","date_gmt":"2022-07-01T11:45:54","guid":{"rendered":"http:\/\/salumificiotarasconi.it\/?post_type=product&#038;p=301"},"modified":"2026-04-17T12:53:23","modified_gmt":"2026-04-17T12:53:23","slug":"prosciutto-parma-disossato-in-2-tranci-a-meta-da-16-a-18-mesi","status":"publish","type":"product","link":"https:\/\/salumificiotarasconi.it\/fr\/prodotto\/prosciutto-parma-disossato-in-2-tranci-a-meta-da-16-a-18-mesi\/","title":{"rendered":"PROSCIUTTO PARMA DISOSSATO In 2 tranci a met\u00e0 16-18 mesi"},"content":{"rendered":"","protected":false},"excerpt":{"rendered":"<p>Prodotto certificato di filiera ottenuto dalla selezione di cosce suine italiane sotto la stretta sorveglianza del Consorzio di Parma: solo le cosce idonee per qualit\u00e0 vengono marchiate con la Corona Ducale. L\u2019unico ingrediente \u00e8 il sale: senza coloranti, n\u00e8 conservanti, n\u00e8 additivi.<\/p>\n<p>Peso da 8 a 8,5 Kg<\/p>\n","protected":false},"featured_media":493,"comment_status":"open","ping_status":"closed","template":"","meta":[],"product_cat":[20],"product_tag":[],"translation":{"provider":"WPGlobus","version":"2.8.11","language":"fr","enabled_languages":["it","en","fr"],"languages":{"it":{"title":true,"content":false,"excerpt":true},"en":{"title":false,"content":false,"excerpt":false},"fr":{"title":false,"content":false,"excerpt":false}}},"_links":{"self":[{"href":"https:\/\/salumificiotarasconi.it\/fr\/wp-json\/wp\/v2\/product\/301"}],"collection":[{"href":"https:\/\/salumificiotarasconi.it\/fr\/wp-json\/wp\/v2\/product"}],"about":[{"href":"https:\/\/salumificiotarasconi.it\/fr\/wp-json\/wp\/v2\/types\/product"}],"replies":[{"embeddable":true,"href":"https:\/\/salumificiotarasconi.it\/fr\/wp-json\/wp\/v2\/comments?post=301"}],"wp:featuredmedia":[{"embeddable":true,"href":"https:\/\/salumificiotarasconi.it\/fr\/wp-json\/wp\/v2\/media\/493"}],"wp:attachment":[{"href":"https:\/\/salumificiotarasconi.it\/fr\/wp-json\/wp\/v2\/media?parent=301"}],"wp:term":[{"taxonomy":"product_cat","embeddable":true,"href":"https:\/\/salumificiotarasconi.it\/fr\/wp-json\/wp\/v2\/product_cat?post=301"},{"taxonomy":"product_tag","embeddable":true,"href":"https:\/\/salumificiotarasconi.it\/fr\/wp-json\/wp\/v2\/product_tag?post=301"}],"curies":[{"name":"wp","href":"https:\/\/api.w.org\/{rel}","templated":true}]}}